{"id":7,"date":"2009-10-04T08:08:16","date_gmt":"2009-10-04T14:08:16","guid":{"rendered":"http:\/\/avachisling.com\/wordpress\/?page_id=7"},"modified":"2023-12-17T00:43:41","modified_gmt":"2023-12-17T06:43:41","slug":"services","status":"publish","type":"page","link":"https:\/\/www.avachisling.com\/fr\/services\/","title":{"rendered":"Services offerts"},"content":{"rendered":"<p><\/p>\n<h2 class=\"p1\">Vue d&rsquo;ensemble<\/h2>\n<h2 class=\"p1\"><\/h2>\n<p>&#8211; Apporter un soutien commercial et juridique permanent aux activit\u00e9s quotidiennes de mes clients<\/p>\n<p>&#8211; Fournir des conseils sur l&rsquo;interpr\u00e9tation des lois et des r\u00e8glements applicables aux activit\u00e9s sp\u00e9cifiques de mes clients.<\/p>\n<p class=\"p1\">&#8211; Conseils sur les questions contractuelles impliquant la propri\u00e9t\u00e9 intellectuelle<\/p>\n<p class=\"p1\">&#8211; Licences de musique, de film, de t\u00e9l\u00e9vision et de livre<\/p>\n<p class=\"p1\">&#8211; Accords de distribution<\/p>\n<p class=\"p1\">&#8211; Conseiller les clients sur la protection de leurs droits et int\u00e9r\u00eats en mati\u00e8re de droits d&rsquo;auteur<\/p>\n<p class=\"p1\">&#8211; Conseiller les clients sur le respect des r\u00e9glementations en mati\u00e8re de marketing et de publicit\u00e9, ainsi que sur l&#8217;emballage et l&rsquo;\u00e9tiquetage des produits.<\/p>\n<p class=\"p1\">&#8211; Conseiller les clients sur les questions de concurrence<\/p>\n<p class=\"p1\">&#8211; Conseils sur le respect des exigences linguistiques de la Charte de la langue fran\u00e7aise (emballages, enseignes et marketing\/publicit\u00e9).<\/p>\n<p class=\"p1\">&#8211; Protection de la vie priv\u00e9e et des donn\u00e9es<\/p>\n<p class=\"p1\">&#8211; Consultant aupr\u00e8s de Big Law sur des questions li\u00e9es \u00e0 la technologie et aux m\u00e9dias<\/p>\n<p class=\"p1\">&#8211; N\u00e9gociation, r\u00e9daction et r\u00e9vision de contrats commerciaux de tous types<\/p>\n<p class=\"p1\">&#8211; Internet, m\u00e9dias sociaux et commerce \u00e9lectronique<\/p>\n<p class=\"p1\">&#8211; N\u00e9gociation et r\u00e9daction de contrats de service et de travail, d&rsquo;accords de partenariat, de pactes d&rsquo;actionnaires, etc.<\/p>\n<p class=\"p1\">&#8211; N\u00e9gociation et r\u00e9daction de contrats d&rsquo;option litt\u00e9raire et d&rsquo;acquisition<\/p>\n<p class=\"p1\">&#8211; N\u00e9gocier et r\u00e9diger des contrats \u00ab\u00a0sp\u00e9cialis\u00e9s\u00a0\u00bb, tels que ceux conclus avec des personnalit\u00e9s de premier plan et des influenceurs qui g\u00e9n\u00e8rent des revenus importants gr\u00e2ce aux plateformes de m\u00e9dias sociaux.<\/p>\n<p class=\"p1\">&#8211; Conditions g\u00e9n\u00e9rales, politiques de confidentialit\u00e9, autorisations, communiqu\u00e9s, etc.<\/p>\n<p class=\"p1\">&#8211; Protection active des droits d&rsquo;auteur<\/p>\n<p class=\"p1\">&#8211; Demande de marque et examen du nom<\/p>\n<p class=\"p1\">&#8211; Autorisation des droits d&rsquo;auteur<\/p>\n<p class=\"p1\">&#8211; Licences de logiciels<\/p>\n<p class=\"p1\">&#8211; Veiller au respect des conditions g\u00e9n\u00e9rales des plateformes de m\u00e9dias sociaux, de l&rsquo;Apple Store et de Google Play<\/p>\n<p class=\"p1\">&#8211; N\u00e9gocier et r\u00e9diger des contrats avec des artistes<\/p>\n<p class=\"p1\">&#8211; V\u00e9rifier les m\u00e9dias sociaux, les publicit\u00e9s et le mat\u00e9riel de marketing<\/p>\n<div id=\"gtx-trans\" style=\"position: absolute; left: -4px; top: 116.556px;\"><\/div>\n<p><\/p>","protected":false},"excerpt":{"rendered":"<p>Vue d&rsquo;ensemble &#8211; Apporter un soutien commercial et juridique permanent aux activit\u00e9s quotidiennes de mes clients &#8211; Fournir des conseils sur l&rsquo;interpr\u00e9tation des lois et des r\u00e8glements applicables aux activit\u00e9s sp\u00e9cifiques de mes clients. &#8211; Conseils sur les questions contractuelles impliquant la propri\u00e9t\u00e9 intellectuelle &#8211; Licences de musique, de film, de t\u00e9l\u00e9vision et de livre [&hellip;]<\/p>\n","protected":false},"author":1,"featured_media":0,"parent":0,"menu_order":2,"comment_status":"closed","ping_status":"open","template":"","meta":{"_acf_changed":false,"footnotes":""},"class_list":["post-7","page","type-page","status-publish","hentry"],"acf":[],"_links":{"self":[{"href":"https:\/\/www.avachisling.com\/fr\/wp-json\/wp\/v2\/pages\/7","targetHints":{"allow":["GET"]}}],"collection":[{"href":"https:\/\/www.avachisling.com\/fr\/wp-json\/wp\/v2\/pages"}],"about":[{"href":"https:\/\/www.avachisling.com\/fr\/wp-json\/wp\/v2\/types\/page"}],"author":[{"embeddable":true,"href":"https:\/\/www.avachisling.com\/fr\/wp-json\/wp\/v2\/users\/1"}],"replies":[{"embeddable":true,"href":"https:\/\/www.avachisling.com\/fr\/wp-json\/wp\/v2\/comments?post=7"}],"version-history":[{"count":11,"href":"https:\/\/www.avachisling.com\/fr\/wp-json\/wp\/v2\/pages\/7\/revisions"}],"predecessor-version":[{"id":1303,"href":"https:\/\/www.avachisling.com\/fr\/wp-json\/wp\/v2\/pages\/7\/revisions\/1303"}],"wp:attachment":[{"href":"https:\/\/www.avachisling.com\/fr\/wp-json\/wp\/v2\/media?parent=7"}],"curies":[{"name":"wp","href":"https:\/\/api.w.org\/{rel}","templated":true}]}}