{"id":16,"date":"2009-10-04T08:10:02","date_gmt":"2009-10-04T14:10:02","guid":{"rendered":"http:\/\/avachisling.com\/wordpress\/?page_id=16"},"modified":"2019-02-23T20:49:12","modified_gmt":"2019-02-24T02:49:12","slug":"how-to-contact","status":"publish","type":"page","link":"https:\/\/www.avachisling.com\/fr\/how-to-contact\/","title":{"rendered":"Me joindre"},"content":{"rendered":"<p>Me. Ava Chisling<br \/>\n4300 de Maisonneuve W. #321<br \/>\nMontr\u00e9al, Qu\u00e9bec, Canada H3Z 1K8<br \/>\nt: 514\u00a0814 6467<br \/>\n<a href=\"mailto:ava@avachisling.com\">ava@avachisling.com<\/a><br \/>\n<a href=\"http:\/\/www.avachisling.com\">www.avachisling.com<\/a><\/p>\n<p id=\"photo-credits\">Cr\u00e9dits des photos: Profil, Services offerts and Travaux l\u00e9gaux par Travis Chalmers. Acceuil and D\u00e9claration de principes par Adrie Mooi. Me joindre par Mr. Gilles.<\/p>\n<p><\/p>","protected":false},"excerpt":{"rendered":"<p>Me. Ava Chisling 4300 de Maisonneuve W. #321 Montr\u00e9al, Qu\u00e9bec, Canada H3Z 1K8 t: 514\u00a0814 6467 ava@avachisling.com www.avachisling.com Cr\u00e9dits des photos: Profil, Services offerts and Travaux l\u00e9gaux par Travis Chalmers. Acceuil and D\u00e9claration de principes par Adrie Mooi. Me joindre par Mr. Gilles.<\/p>\n","protected":false},"author":1,"featured_media":0,"parent":0,"menu_order":6,"comment_status":"closed","ping_status":"open","template":"","meta":{"_acf_changed":false,"footnotes":""},"class_list":["post-16","page","type-page","status-publish","hentry"],"acf":[],"_links":{"self":[{"href":"https:\/\/www.avachisling.com\/fr\/wp-json\/wp\/v2\/pages\/16","targetHints":{"allow":["GET"]}}],"collection":[{"href":"https:\/\/www.avachisling.com\/fr\/wp-json\/wp\/v2\/pages"}],"about":[{"href":"https:\/\/www.avachisling.com\/fr\/wp-json\/wp\/v2\/types\/page"}],"author":[{"embeddable":true,"href":"https:\/\/www.avachisling.com\/fr\/wp-json\/wp\/v2\/users\/1"}],"replies":[{"embeddable":true,"href":"https:\/\/www.avachisling.com\/fr\/wp-json\/wp\/v2\/comments?post=16"}],"version-history":[{"count":2,"href":"https:\/\/www.avachisling.com\/fr\/wp-json\/wp\/v2\/pages\/16\/revisions"}],"predecessor-version":[{"id":1124,"href":"https:\/\/www.avachisling.com\/fr\/wp-json\/wp\/v2\/pages\/16\/revisions\/1124"}],"wp:attachment":[{"href":"https:\/\/www.avachisling.com\/fr\/wp-json\/wp\/v2\/media?parent=16"}],"curies":[{"name":"wp","href":"https:\/\/api.w.org\/{rel}","templated":true}]}}