{"id":14,"date":"2009-10-04T08:09:32","date_gmt":"2009-10-04T14:09:32","guid":{"rendered":"http:\/\/avachisling.com\/wordpress\/?page_id=14"},"modified":"2009-12-16T20:50:27","modified_gmt":"2009-12-17T02:50:27","slug":"statement-of-principles","status":"publish","type":"page","link":"https:\/\/www.avachisling.com\/fr\/statement-of-principles\/","title":{"rendered":"D\u00e9claration de principes"},"content":{"rendered":"<p>Dans l\u2019ensemble, je :<\/p>\n<ul>\n<li>vous donnerai conseil et information clairs et directs<\/li>\n<li>communiquerai avec vous de la mani\u00e8re qui vous convient le mieux<\/li>\n<li>vous traiterai de mani\u00e8re juste et respectable<\/li>\n<li>offrirai des services professionnels tout en respectant les d\u00e9lais<\/li>\n<li>discuterai de vos objectifs et du meilleur moyen pour les atteindre<\/li>\n<li>vous fournirai toute l\u2019information n\u00e9cessaire quant au travail \u00e0 faire, la mani\u00e8re dont les services seront offerts et les d\u00e9lais qui s\u2019y rattachent<\/li>\n<li>exigerai des frais justes et raisonnables et vous aviser lorsqu\u2019ils seront factur\u00e9s<\/li>\n<li>prot\u00e9gerai et promouvrai vos int\u00e9r\u00eats<\/li>\n<li>prot\u00e9gerai votre vie priv\u00e9e et m\u2019assurerai de respecter notre entente de confidentialit\u00e9<\/li>\n<li>vous garderai inform\u00e9 au sujet du travail qui se fait et vous contacterai lorsqu\u2019il sera compl\u00e9t\u00e9<\/li>\n<\/ul>\n<p><\/p>","protected":false},"excerpt":{"rendered":"<p>Dans l\u2019ensemble, je : vous donnerai conseil et information clairs et directs communiquerai avec vous de la mani\u00e8re qui vous convient le mieux vous traiterai de mani\u00e8re juste et respectable offrirai des services professionnels tout en respectant les d\u00e9lais discuterai de vos objectifs et du meilleur moyen pour les atteindre vous fournirai toute l\u2019information n\u00e9cessaire [&hellip;]<\/p>\n","protected":false},"author":1,"featured_media":0,"parent":0,"menu_order":5,"comment_status":"closed","ping_status":"open","template":"","meta":{"_acf_changed":false,"footnotes":""},"class_list":["post-14","page","type-page","status-publish","hentry"],"acf":[],"_links":{"self":[{"href":"https:\/\/www.avachisling.com\/fr\/wp-json\/wp\/v2\/pages\/14","targetHints":{"allow":["GET"]}}],"collection":[{"href":"https:\/\/www.avachisling.com\/fr\/wp-json\/wp\/v2\/pages"}],"about":[{"href":"https:\/\/www.avachisling.com\/fr\/wp-json\/wp\/v2\/types\/page"}],"author":[{"embeddable":true,"href":"https:\/\/www.avachisling.com\/fr\/wp-json\/wp\/v2\/users\/1"}],"replies":[{"embeddable":true,"href":"https:\/\/www.avachisling.com\/fr\/wp-json\/wp\/v2\/comments?post=14"}],"version-history":[{"count":0,"href":"https:\/\/www.avachisling.com\/fr\/wp-json\/wp\/v2\/pages\/14\/revisions"}],"wp:attachment":[{"href":"https:\/\/www.avachisling.com\/fr\/wp-json\/wp\/v2\/media?parent=14"}],"curies":[{"name":"wp","href":"https:\/\/api.w.org\/{rel}","templated":true}]}}