{"id":12,"date":"2009-10-04T08:09:05","date_gmt":"2009-10-04T14:09:05","guid":{"rendered":"http:\/\/avachisling.com\/wordpress\/?page_id=12"},"modified":"2023-03-18T00:15:00","modified_gmt":"2023-03-18T06:15:00","slug":"editorial-work","status":"publish","type":"page","link":"https:\/\/www.avachisling.com\/fr\/editorial-work\/","title":{"rendered":"Travaux d\u2019\u00e9dition"},"content":{"rendered":"<p><\/p>\n<h5>Gagnante prix Merit, Prix du magazine canadien, magazine Strut, \u00ab\u00a0The Comfort You Spend&#8230;\u00a0\u00bb\u00a0<a href=\"http:\/\/bit.ly\/2ip6M2A\">bit.ly\/2ip6M2A<\/a><\/h5>\n<p>Ancienne r\u00e9dactrice-en-chef adjointe, magazine enRoute (Air Canada), r\u00e9dactrice en chef, Strut Magazine, r\u00e9dactrice en chef, Montreal Mirror. J&rsquo;ai publi\u00e9 des centaines d&rsquo;articles dans des publications comme Robb Report, Time Out (Londres), The Gazette, Cycle Canada, Good.IS, Canadian Lawyer, The National, etc &#8212; ainsi que pr\u00e8s de 100 articles r\u00e9cents sur la culture et la technologie <a href=\"https:\/\/medium.com\/@avajoy\">ici<\/a>.<\/p>\n<p>140+ articles\/campaigns pubs <a href=\"https:\/\/issuu.com\/avachisling\">ici.<\/a><\/p>\n<p>Articles tech\/AI <a href=\"https:\/\/medium.com\/@avajoy\">ici<\/a>.<\/p>","protected":false},"excerpt":{"rendered":"<p>Gagnante prix Merit, Prix du magazine canadien, magazine Strut, \u00ab\u00a0The Comfort You Spend&#8230;\u00a0\u00bb\u00a0bit.ly\/2ip6M2A Ancienne r\u00e9dactrice-en-chef adjointe, magazine enRoute (Air Canada), r\u00e9dactrice en chef, Strut Magazine, r\u00e9dactrice en chef, Montreal Mirror. J&rsquo;ai publi\u00e9 des centaines d&rsquo;articles dans des publications comme Robb Report, Time Out (Londres), The Gazette, Cycle Canada, Good.IS, Canadian Lawyer, The National, etc &#8212; [&hellip;]<\/p>\n","protected":false},"author":1,"featured_media":0,"parent":0,"menu_order":4,"comment_status":"closed","ping_status":"open","template":"","meta":{"_acf_changed":false,"footnotes":""},"class_list":["post-12","page","type-page","status-publish","hentry"],"acf":[],"_links":{"self":[{"href":"https:\/\/www.avachisling.com\/fr\/wp-json\/wp\/v2\/pages\/12","targetHints":{"allow":["GET"]}}],"collection":[{"href":"https:\/\/www.avachisling.com\/fr\/wp-json\/wp\/v2\/pages"}],"about":[{"href":"https:\/\/www.avachisling.com\/fr\/wp-json\/wp\/v2\/types\/page"}],"author":[{"embeddable":true,"href":"https:\/\/www.avachisling.com\/fr\/wp-json\/wp\/v2\/users\/1"}],"replies":[{"embeddable":true,"href":"https:\/\/www.avachisling.com\/fr\/wp-json\/wp\/v2\/comments?post=12"}],"version-history":[{"count":20,"href":"https:\/\/www.avachisling.com\/fr\/wp-json\/wp\/v2\/pages\/12\/revisions"}],"predecessor-version":[{"id":1270,"href":"https:\/\/www.avachisling.com\/fr\/wp-json\/wp\/v2\/pages\/12\/revisions\/1270"}],"wp:attachment":[{"href":"https:\/\/www.avachisling.com\/fr\/wp-json\/wp\/v2\/media?parent=12"}],"curies":[{"name":"wp","href":"https:\/\/api.w.org\/{rel}","templated":true}]}}