{"id":10,"date":"2009-10-04T08:08:46","date_gmt":"2009-10-04T14:08:46","guid":{"rendered":"http:\/\/avachisling.com\/wordpress\/?page_id=10"},"modified":"2023-03-16T08:26:50","modified_gmt":"2023-03-16T14:26:50","slug":"legal-work","status":"publish","type":"page","link":"https:\/\/www.avachisling.com\/fr\/legal-work\/","title":{"rendered":"Travaux l\u00e9gaux"},"content":{"rendered":"<p><\/p>\n<h3>Gagnante Prix d\u2019Or Kenneth R Wilson &#8211; \u00ab\u00a0How Am I Doing?,\u00a0\u00bb Canadian Lawyer Magazine, et Laur\u00e9ate du prix Leon Levinson, de la Facult\u00e9 de droit, Universit\u00e9 du McGill<\/h3>\n<ul>\n<li>Plus de 80 de mes articles sur la technologie AI + et le droit: <a href=\"https:\/\/medium.com\/@avajoy\">https:\/\/medium.com\/@avajoy<\/a><\/li>\n<li>Blogger\u00a0pour Ross Intelligence, nomm\u00e9 l&rsquo;un des 50 meilleurs blogs juridiques par l&rsquo;American Bar Associatio, puis LegalShield, Jurisage, etc.<\/li>\n<\/ul>\n<h2><span style=\"text-decoration: underline;\"><strong>Mes\u00a0articles<\/strong><\/span><\/h2>\n<p><strong>Articles sur\u00a0AI, technologie et droit, (et plus):\u00a0 <a href=\"https:\/\/issuu.com\/avachisling\/stacks\/5d9774af1edc42e28af24e219c88e299\">https:\/\/issuu.com\/avachisling\/stacks\/5d9774af1edc42e28af24e219c88e299<\/a><\/strong><\/p>\n<h2>Archives des articles publi\u00e9s<\/h2>\n<p><strong>\u00ab\u00a0Canadian Lawyer Magazine Opinion,\u00a0\u00bb avec\u00a0Colin Lachance:\u00a0<a href=\"http:\/\/canadianlawyermag.com\/6329\/When-are-public-documents-too-public-A.T.-v.-Globe24h.com-tests-the-limits.html\">http:\/\/canadianlawyermag.com\/6329\/When-are-public-documents-too-public-A.T.-v.-Globe24h.com-tests-the-limits.html<\/a><\/strong><\/p>\n<p><strong>Canadian Lawyer &#8211; Cybercrime and forensics\u00a0<a href=\"http:\/\/bit.ly\/2fo9Fzh\">bit.ly\/2fo9Fzh<\/a><\/strong><\/p>\n<p><strong>&#8211; Juin\u00a02016 &#8211; Canadian Lawyer &#8211; IP and Education feature &#8211;\u00a0<a href=\"http:\/\/bit.ly\/2fo7kVf\">bit.ly\/2fo7kVf<\/a><\/strong><br \/>\n<strong> &#8211; Novembre 2015 &#8211; Canadian Lawyer &#8211; Are You Ready for 3D Printing? &#8211;\u00a0<a href=\"http:\/\/bit.ly\/2giKKw0\">bit.ly\/2giKKw0<\/a><\/strong><br \/>\n<strong> &#8211; Novembre 2014 &#8211; Canadian Lawyer &#8211; <a href=\"http:\/\/lnkd.in\/bD5WdVA\">http:\/\/lnkd.in\/bD5WdVA<\/a><\/strong><br \/>\n<strong> &#8211; Mai 2013 &#8211; Canadian Lawyer <a href=\"http:\/\/canadianlawyermag.com\/4634\/the-gun-collectors.html\">http:\/\/canadianlawyermag.com\/4634\/the-gun-collectors.html<\/a><\/strong><br \/>\n<strong> &#8211; F\u00e9v 2013 &#8211; Canadian Lawyer <a href=\"http:\/\/www.canadianlawyermag.com\/4503\/a-broader-vision.html\">http:\/\/www.canadianlawyermag.com\/4503\/a-broader-vision.html<\/a><\/strong><br \/>\n<strong> &#8211; Septembre\/October 2012 &#8211; Law Society of NT<\/strong><br \/>\n<strong> <a href=\"http:\/\/www.lawsociety.nt.ca\/pdf\/publications\/ArcticObiter\/ArcticObiter_SeptemberOctober2012.pdf\">http:\/\/www.lawsociety.nt.ca\/pdf\/publications\/ArcticObiter\/ArcticObiter_SeptemberOctober2012.pdf<\/a><\/strong><br \/>\n<strong> &#8211; Septembre 2012 &#8211; Canadian Lawyer &#8211; <a href=\"http:\/\/www.canadianlawyermag.com\/4307\/the-problem-is-enforcement.html\">http:\/\/www.canadianlawyermag.com\/4307\/the-problem-is-enforcement.html<\/a><\/strong><br \/>\n<strong> &#8211; Juin 2012 &#8211; National http:\/\/issuu.com\/avachisling\/docs\/june_2012-national-family_law<\/strong><br \/>\n<strong> &#8211; Mars 2012 &#8211; The Addendum http:\/\/www.cba.org\/CBA\/PracticeLink\/03-12-SS\/05.aspx<\/strong><br \/>\n<strong> -F\u00e9v 2012 &#8211; The Addendum\u00a0http:\/\/www.cba.org\/CBA\/PracticeLink\/02-12-BC\/01.aspx<\/strong><br \/>\n<strong> &#8211; D\u00e9cembre 2011 &#8211; Canadian Lawyer Cover Story bit.ly\/2fSQ4FL<\/strong><br \/>\n<strong> &#8211; Mars 2011 &#8211; Canadian Lawyer: http:\/\/bit.ly\/2gzIAfk<\/strong><br \/>\n<strong> -Mars 2011 &#8211; National Magazine&rsquo;s Addendum: http:\/\/issuu.com\/avachisling\/docs\/march_2011_-_cba_<\/strong><br \/>\n<strong> &#8211; Octobre 2010 &#8211; National Magazine&rsquo;s Addendum, Feature, \u00ab\u00a0Law Offices\u00a0\u00bb<\/strong><br \/>\n<strong> &#8211; Mai\u00a02010 &#8211; Canadian Lawyer, Cover Story, \u00ab\u00a0How Am I Doing?\u00a0\u00bb<\/strong><br \/>\n<strong> &#8211; Avril 2010 &#8211; Canadian Lawyer, \u00ab\u00a0The Right Fit\u00a0\u00bb<\/strong><br \/>\n<strong> &#8211; Avril 2010 &#8211; National Magazine&rsquo;s Addendum, \u00ab\u00a0How to Land a Justice\u00a0\u00bb<\/strong><br \/>\n<strong> &#8211; Juin 2009 &#8211; National Magazine&rsquo;s Addendum, \u00ab\u00a0When Contests Become Personal\u00a0\u00bb<\/strong><br \/>\n<strong> &#8211; Juin 2009 &#8211; National Magazine&rsquo;s Addendum, \u00ab\u00a0Small Firm Lawyer at the SCC\u00a0\u00bb<\/strong><br \/>\n<strong> &#8211; Avril 2009 &#8211; National Magazine&rsquo;s Addendum, \u00ab\u00a0Labour Law: Shelter in the Storm?\u00a0\u00bb<\/strong><br \/>\n<strong> &#8211; F\u00e9v 2009 &#8211; National Magazine&rsquo;s Addendum, \u00ab\u00a0The Online Scholar\u00a0\u00bb<\/strong><br \/>\n<strong> &#8211; F\u00e9v 2009 &#8211; National Magazine&rsquo;s Addendum, \u00ab\u00a0Great Leap Forward\u00a0\u00bb<\/strong><\/p>","protected":false},"excerpt":{"rendered":"<p>Gagnante Prix d\u2019Or Kenneth R Wilson &#8211; \u00ab\u00a0How Am I Doing?,\u00a0\u00bb Canadian Lawyer Magazine, et Laur\u00e9ate du prix Leon Levinson, de la Facult\u00e9 de droit, Universit\u00e9 du McGill Plus de 80 de mes articles sur la technologie AI + et le droit: https:\/\/medium.com\/@avajoy Blogger\u00a0pour Ross Intelligence, nomm\u00e9 l&rsquo;un des 50 meilleurs blogs juridiques par l&rsquo;American [&hellip;]<\/p>\n","protected":false},"author":1,"featured_media":0,"parent":0,"menu_order":3,"comment_status":"closed","ping_status":"open","template":"","meta":{"_acf_changed":false,"footnotes":""},"class_list":["post-10","page","type-page","status-publish","hentry"],"acf":[],"_links":{"self":[{"href":"https:\/\/www.avachisling.com\/fr\/wp-json\/wp\/v2\/pages\/10","targetHints":{"allow":["GET"]}}],"collection":[{"href":"https:\/\/www.avachisling.com\/fr\/wp-json\/wp\/v2\/pages"}],"about":[{"href":"https:\/\/www.avachisling.com\/fr\/wp-json\/wp\/v2\/types\/page"}],"author":[{"embeddable":true,"href":"https:\/\/www.avachisling.com\/fr\/wp-json\/wp\/v2\/users\/1"}],"replies":[{"embeddable":true,"href":"https:\/\/www.avachisling.com\/fr\/wp-json\/wp\/v2\/comments?post=10"}],"version-history":[{"count":19,"href":"https:\/\/www.avachisling.com\/fr\/wp-json\/wp\/v2\/pages\/10\/revisions"}],"predecessor-version":[{"id":1263,"href":"https:\/\/www.avachisling.com\/fr\/wp-json\/wp\/v2\/pages\/10\/revisions\/1263"}],"wp:attachment":[{"href":"https:\/\/www.avachisling.com\/fr\/wp-json\/wp\/v2\/media?parent=10"}],"curies":[{"name":"wp","href":"https:\/\/api.w.org\/{rel}","templated":true}]}}